{"id":65,"date":"2026-04-02T16:36:37","date_gmt":"2026-04-02T14:36:37","guid":{"rendered":"https:\/\/vladimirzako.ch\/?page_id=65"},"modified":"2026-04-02T16:36:37","modified_gmt":"2026-04-02T14:36:37","slug":"impressum","status":"publish","type":"page","link":"https:\/\/vladimirzako.ch\/index.php\/impressum\/","title":{"rendered":"Impressum"},"content":{"rendered":"\n<p><strong>Herausgeber und Redaktion<\/strong> KERN MEDIA Dmitriy Vogt Bern 3008 Schweiz<\/p>\n\n\n\n<p><strong>Kontakt<\/strong> E-Mail: zwischenzeilen.post@gmail.com Webseite: www.vladimirzako.ch<\/p>\n\n\n\n<p><strong>Verantwortlich f\u00fcr den Inhalt<\/strong> Dmitriy Vogt<\/p>\n\n\n\n<p><strong>Urheberrecht<\/strong> Die durch die Seitenbetreiber erstellten Inhalte und Werke auf diesen Seiten unterliegen dem schweizerischen Urheberrecht. Die Vervielf\u00e4ltigung, Bearbeitung, Verbreitung und jede Art der Verwertung au\u00dferhalb der Grenzen des Urheberrechtes bed\u00fcrfen der schriftlichen Zustimmung des jeweiligen Autors bzw. Erstellers.<\/p>\n\n\n\n<p><strong>Haftungsausschluss<\/strong> Trotz sorgf\u00e4ltiger inhaltlicher Kontrolle \u00fcbernehmen wir keine Haftung f\u00fcr die Inhalte externer Links. F\u00fcr den Inhalt der verlinkten Seiten sind ausschlie\u00dflich deren Betreiber verantwortlich.<\/p>\n","protected":false},"excerpt":{"rendered":"<p>Herausgeber und Redaktion KERN MEDIA Dmitriy Vogt Bern 3008 Schweiz Kontakt E-Mail: zwischenzeilen.post@gmail.com Webseite: www.vladimirzako.ch Verantwortlich f\u00fcr den Inhalt Dmitriy Vogt Urheberrecht Die durch die Seitenbetreiber erstellten Inhalte und Werke auf diesen Seiten unterliegen dem schweizerischen Urheberrecht. Die Vervielf\u00e4ltigung, Bearbeitung, Verbreitung und jede Art der Verwertung au\u00dferhalb der Grenzen des Urheberrechtes bed\u00fcrfen der schriftlichen Zustimmung<\/p>\n","protected":false},"author":1,"featured_media":0,"parent":0,"menu_order":0,"comment_status":"closed","ping_status":"closed","template":"","meta":{"footnotes":""},"class_list":["post-65","page","type-page","status-publish","hentry"],"_links":{"self":[{"href":"https:\/\/vladimirzako.ch\/index.php\/wp-json\/wp\/v2\/pages\/65","targetHints":{"allow":["GET"]}}],"collection":[{"href":"https:\/\/vladimirzako.ch\/index.php\/wp-json\/wp\/v2\/pages"}],"about":[{"href":"https:\/\/vladimirzako.ch\/index.php\/wp-json\/wp\/v2\/types\/page"}],"author":[{"embeddable":true,"href":"https:\/\/vladimirzako.ch\/index.php\/wp-json\/wp\/v2\/users\/1"}],"replies":[{"embeddable":true,"href":"https:\/\/vladimirzako.ch\/index.php\/wp-json\/wp\/v2\/comments?post=65"}],"version-history":[{"count":1,"href":"https:\/\/vladimirzako.ch\/index.php\/wp-json\/wp\/v2\/pages\/65\/revisions"}],"predecessor-version":[{"id":67,"href":"https:\/\/vladimirzako.ch\/index.php\/wp-json\/wp\/v2\/pages\/65\/revisions\/67"}],"wp:attachment":[{"href":"https:\/\/vladimirzako.ch\/index.php\/wp-json\/wp\/v2\/media?parent=65"}],"curies":[{"name":"wp","href":"https:\/\/api.w.org\/{rel}","templated":true}]}}